{"id":233,"date":"2025-03-17T13:52:21","date_gmt":"2025-03-17T13:52:21","guid":{"rendered":"https:\/\/logius.com.pl\/?page_id=233"},"modified":"2025-03-17T13:57:38","modified_gmt":"2025-03-17T13:57:38","slug":"agbimpressum","status":"publish","type":"page","link":"https:\/\/logius.com.pl\/index.php\/agbimpressum\/","title":{"rendered":"AGB,IMPRESSUM"},"content":{"rendered":"<p>[et_pb_section fb_built=&#8221;1&#8243; _builder_version=&#8221;4.17.4&#8243; _module_preset=&#8221;default&#8221; global_colors_info=&#8221;{}&#8221;][et_pb_row _builder_version=&#8221;4.17.4&#8243; _module_preset=&#8221;default&#8221; global_colors_info=&#8221;{}&#8221;][et_pb_column type=&#8221;4_4&#8243; _builder_version=&#8221;4.17.4&#8243; _module_preset=&#8221;default&#8221; global_colors_info=&#8221;{}&#8221;][et_pb_text _builder_version=&#8221;4.17.4&#8243; _module_preset=&#8221;default&#8221; hover_enabled=&#8221;0&#8243; global_colors_info=&#8221;{}&#8221; sticky_enabled=&#8221;0&#8243;]<\/p>\n<p><strong>Allgemeine Gesch\u00e4ftsbedingungen (AGB) der logius GmbH<\/strong><\/p>\n<p><strong>1. Geltungsbereich<\/strong><br \/>Diese Allgemeinen Gesch\u00e4ftsbedingungen (AGB) gelten f\u00fcr alle Vertr\u00e4ge, Lieferungen und<br \/>sonstigen Leistungen der logius GmbH, Fanny-Zobel-Stra\u00dfe 9, 12435 Berlin (nachfolgend &#8222;logius<br \/>GmbH&#8221; genannt), gegen\u00fcber ihren Kunden. Abweichende oder erg\u00e4nzende Bedingungen des<br \/>Kunden werden nicht anerkannt, es sei denn, die logius GmbH stimmt ihrer Geltung<br \/>ausdr\u00fccklich schriftlich zu.<\/p>\n<p><strong>2. Vertragsschluss<\/strong><br \/>Ein Vertrag kommt durch die Annahme eines Angebots durch den Kunden und die Best\u00e4tigung<br \/>der logius GmbH zustande. Alle Angebote sind freibleibend und unverbindlich.<\/p>\n<p><strong>3. Preise und Zahlungsbedingungen<\/strong><br \/>Die Preise verstehen sich, sofern nicht anders angegeben, in Euro und zzgl. der gesetzlichen<br \/>Mehrwertsteuer. Zahlungen sind, sofern nicht anders vereinbart, innerhalb von 14 Tagen nach<br \/>Rechnungsstellung ohne Abzug zu leisten.<\/p>\n<p><strong>4. Liefer- und Leistungszeit<\/strong><br \/>Liefer- und Leistungszeiten sind unverbindlich, es sei denn, sie wurden ausdr\u00fccklich als<br \/>verbindlich vereinbart. Verz\u00f6gerungen aufgrund h\u00f6herer Gewalt oder anderer unvorhersehbarer<br \/>Umst\u00e4nde berechtigen die logius GmbH zur angemessenen Verl\u00e4ngerung der Lieferfrist.<\/p>\n<p><strong>5. Gew\u00e4hrleistung und Haftung<\/strong><br \/>Es gelten die gesetzlichen Gew\u00e4hrleistungsrechte. Die Haftung der logius GmbH ist auf Vorsatz<br \/>und grobe Fahrl\u00e4ssigkeit beschr\u00e4nkt, soweit gesetzlich zul\u00e4ssig.<\/p>\n<p><strong>6. Schlussbestimmungen<\/strong><br \/>Erf\u00fcllungsort und Gerichtsstand ist Berlin, soweit gesetzlich zul\u00e4ssig. Es gilt das Recht der<br \/>Bundesrepublik Deutschland.<\/p>\n<p><strong>Impressum<\/strong><br \/>logius GmbH<br \/>Fanny-Zobel-Stra\u00dfe 9<br \/>12435 Berlin<br \/>Deutschland<\/p>\n<p>Telefon:<br \/>E-Mail: dariusz@logius.com.pl<br \/>Internet: www.logius.com.pl<\/p>\n<p>Gesch\u00e4ftsf\u00fchrer: [Dariusz Melka, Daniel Aleksander Kozak]<br \/>Handelsregister: Amtsgericht Berlin-Charlottenburg, [HRB 246230 B]<br \/>Steuer-Nr. 30\/424\/50506<\/p>\n<p>[\/et_pb_text][\/et_pb_column][\/et_pb_row][\/et_pb_section]<\/p>\n","protected":false},"excerpt":{"rendered":"<p>Allgemeine Gesch\u00e4ftsbedingungen (AGB) der logius GmbH 1. GeltungsbereichDiese Allgemeinen Gesch\u00e4ftsbedingungen (AGB) gelten f\u00fcr alle Vertr\u00e4ge, Lieferungen undsonstigen Leistungen der logius GmbH, Fanny-Zobel-Stra\u00dfe 9, 12435 Berlin (nachfolgend &#8222;logiusGmbH&#8221; genannt), gegen\u00fcber ihren Kunden. Abweichende oder erg\u00e4nzende Bedingungen desKunden werden nicht anerkannt, es sei denn, die logius GmbH stimmt ihrer Geltungausdr\u00fccklich schriftlich zu. 2. VertragsschlussEin Vertrag kommt durch [&hellip;]<\/p>\n","protected":false},"author":2,"featured_media":0,"parent":0,"menu_order":0,"comment_status":"closed","ping_status":"closed","template":"","meta":{"_et_pb_use_builder":"on","_et_pb_old_content":"","_et_gb_content_width":"","inline_featured_image":false,"footnotes":""},"class_list":["post-233","page","type-page","status-publish","hentry"],"_links":{"self":[{"href":"https:\/\/logius.com.pl\/index.php\/wp-json\/wp\/v2\/pages\/233","targetHints":{"allow":["GET"]}}],"collection":[{"href":"https:\/\/logius.com.pl\/index.php\/wp-json\/wp\/v2\/pages"}],"about":[{"href":"https:\/\/logius.com.pl\/index.php\/wp-json\/wp\/v2\/types\/page"}],"author":[{"embeddable":true,"href":"https:\/\/logius.com.pl\/index.php\/wp-json\/wp\/v2\/users\/2"}],"replies":[{"embeddable":true,"href":"https:\/\/logius.com.pl\/index.php\/wp-json\/wp\/v2\/comments?post=233"}],"version-history":[{"count":3,"href":"https:\/\/logius.com.pl\/index.php\/wp-json\/wp\/v2\/pages\/233\/revisions"}],"predecessor-version":[{"id":244,"href":"https:\/\/logius.com.pl\/index.php\/wp-json\/wp\/v2\/pages\/233\/revisions\/244"}],"wp:attachment":[{"href":"https:\/\/logius.com.pl\/index.php\/wp-json\/wp\/v2\/media?parent=233"}],"curies":[{"name":"wp","href":"https:\/\/api.w.org\/{rel}","templated":true}]}}