{"id":237,"date":"2025-03-17T13:55:38","date_gmt":"2025-03-17T13:55:38","guid":{"rendered":"https:\/\/logius.com.pl\/?page_id=237"},"modified":"2025-03-18T10:40:53","modified_gmt":"2025-03-18T10:40:53","slug":"datenschutzerklarung","status":"publish","type":"page","link":"https:\/\/logius.com.pl\/index.php\/datenschutzerklarung\/","title":{"rendered":"Datenschutzerkl\u00e4rung"},"content":{"rendered":"<p>[et_pb_section fb_built=&#8221;1&#8243; _builder_version=&#8221;4.17.4&#8243; _module_preset=&#8221;default&#8221; global_colors_info=&#8221;{}&#8221;][et_pb_row _builder_version=&#8221;4.17.4&#8243; _module_preset=&#8221;default&#8221; global_colors_info=&#8221;{}&#8221;][et_pb_column type=&#8221;4_4&#8243; _builder_version=&#8221;4.17.4&#8243; _module_preset=&#8221;default&#8221; global_colors_info=&#8221;{}&#8221;][et_pb_text _builder_version=&#8221;4.17.4&#8243; _module_preset=&#8221;default&#8221; global_colors_info=&#8221;{}&#8221;]<\/p>\n<p><strong>Datenschutzerkl\u00e4rung<\/strong><\/p>\n<p><strong>1. Verantwortlicher<\/strong><br \/>Verantwortlich f\u00fcr die Datenverarbeitung ist:<br \/>logius GmbH, Fanny-Zobel-Stra\u00dfe 9, 12435 Berlin, E-Mail: <a href=\"mailto:dariuszs@logius.com.pl\" target=\"_blank\" rel=\"noopener\">dariusz@logius.com.pl<\/a><span>\u00a0<\/span><br \/><strong><\/strong><\/p>\n<p><strong>2. Erhebung und Verarbeitung<\/strong> personenbezogener Daten<br \/>Wir verarbeiten personenbezogene Daten nur im Rahmen der gesetzlichen Vorschriften. Beim<\/p>\n<p>Besuch unserer Website werden automatisch technische Informationen erfasst (z. B. IP-<br \/>Adresse, verwendeter Browser, Zugriffszeiten).<\/p>\n<p><strong>3. Zweck der Datenverarbeitung<\/strong><br \/>Die Verarbeitung erfolgt zur Bereitstellung der Website, zur Vertragsdurchf\u00fchrung und zu<br \/>Marketingzwecken, soweit gesetzlich zul\u00e4ssig.<br \/><strong><\/strong><\/p>\n<p><strong>4. Weitergabe an Dritte<\/strong><br \/>Eine Weitergabe personenbezogener Daten an Dritte erfolgt nur, soweit dies zur<br \/>Vertragserf\u00fcllung erforderlich ist oder eine gesetzliche Verpflichtung besteht.<br \/><strong><\/strong><\/p>\n<p><strong>5. Rechte der betroffenen Personen<\/strong><br \/>Betroffene Personen haben das Recht auf Auskunft, Berichtigung, L\u00f6schung und Einschr\u00e4nkung<br \/>der Verarbeitung ihrer personenbezogenen Daten sowie das Recht auf Daten\u00fcbertragbarkeit und<br \/>Widerspruch.<\/p>\n<p><strong>6. Kontakt<\/strong><br \/>Bei Fragen zum Datenschutz k\u00f6nnen Sie uns unter dariusz@logius.com.pl kontaktieren.<\/p>\n<p>[\/et_pb_text][\/et_pb_column][\/et_pb_row][\/et_pb_section]<\/p>\n","protected":false},"excerpt":{"rendered":"<p>Datenschutzerkl\u00e4rung 1. VerantwortlicherVerantwortlich f\u00fcr die Datenverarbeitung ist:logius GmbH, Fanny-Zobel-Stra\u00dfe 9, 12435 Berlin, E-Mail: dariusz@logius.com.pl\u00a0 2. Erhebung und Verarbeitung personenbezogener DatenWir verarbeiten personenbezogene Daten nur im Rahmen der gesetzlichen Vorschriften. Beim Besuch unserer Website werden automatisch technische Informationen erfasst (z. B. IP-Adresse, verwendeter Browser, Zugriffszeiten). 3. Zweck der DatenverarbeitungDie Verarbeitung erfolgt zur Bereitstellung der Website, zur [&hellip;]<\/p>\n","protected":false},"author":2,"featured_media":0,"parent":0,"menu_order":0,"comment_status":"closed","ping_status":"closed","template":"","meta":{"_et_pb_use_builder":"on","_et_pb_old_content":"","_et_gb_content_width":"","inline_featured_image":false,"footnotes":""},"class_list":["post-237","page","type-page","status-publish","hentry"],"_links":{"self":[{"href":"https:\/\/logius.com.pl\/index.php\/wp-json\/wp\/v2\/pages\/237","targetHints":{"allow":["GET"]}}],"collection":[{"href":"https:\/\/logius.com.pl\/index.php\/wp-json\/wp\/v2\/pages"}],"about":[{"href":"https:\/\/logius.com.pl\/index.php\/wp-json\/wp\/v2\/types\/page"}],"author":[{"embeddable":true,"href":"https:\/\/logius.com.pl\/index.php\/wp-json\/wp\/v2\/users\/2"}],"replies":[{"embeddable":true,"href":"https:\/\/logius.com.pl\/index.php\/wp-json\/wp\/v2\/comments?post=237"}],"version-history":[{"count":3,"href":"https:\/\/logius.com.pl\/index.php\/wp-json\/wp\/v2\/pages\/237\/revisions"}],"predecessor-version":[{"id":245,"href":"https:\/\/logius.com.pl\/index.php\/wp-json\/wp\/v2\/pages\/237\/revisions\/245"}],"wp:attachment":[{"href":"https:\/\/logius.com.pl\/index.php\/wp-json\/wp\/v2\/media?parent=237"}],"curies":[{"name":"wp","href":"https:\/\/api.w.org\/{rel}","templated":true}]}}